{"id":22,"date":"2022-04-21T03:42:43","date_gmt":"2022-04-21T03:42:43","guid":{"rendered":"http:\/\/alinelayoun.com.br\/?page_id=22"},"modified":"2023-07-10T01:36:38","modified_gmt":"2023-07-10T01:36:38","slug":"curriculo","status":"publish","type":"page","link":"https:\/\/alinelayoun.com.br\/en\/curriculo","title":{"rendered":"Resume"},"content":{"rendered":"<div data-elementor-type=\"wp-page\" data-elementor-id=\"22\" class=\"elementor elementor-22\" data-elementor-post-type=\"page\">\n\t\t\t\t\t\t<section class=\"elementor-section elementor-top-section elementor-element elementor-element-c17d5f7 elementor-section-boxed elementor-section-height-default elementor-section-height-default\" data-id=\"c17d5f7\" data-element_type=\"section\" data-e-type=\"section\">\n\t\t\t\t\t\t<div class=\"elementor-container elementor-column-gap-default\">\n\t\t\t\t\t<div class=\"elementor-column elementor-col-100 elementor-top-column elementor-element elementor-element-bad043e\" data-id=\"bad043e\" data-element_type=\"column\" data-e-type=\"column\">\n\t\t\t<div class=\"elementor-widget-wrap elementor-element-populated\">\n\t\t\t\t\t\t<div class=\"elementor-element elementor-element-89eb5d8 elementor-widget elementor-widget-heading\" data-id=\"89eb5d8\" data-element_type=\"widget\" data-e-type=\"widget\" data-widget_type=\"heading.default\">\n\t\t\t\t<div class=\"elementor-widget-container\">\n\t\t\t\t\t<div class=\"elementor-heading-title elementor-size-default\">About me<\/div>\t\t\t\t<\/div>\n\t\t\t\t<\/div>\n\t\t\t\t<div class=\"elementor-element elementor-element-88ea584 elementor-widget elementor-widget-text-editor\" data-id=\"88ea584\" data-element_type=\"widget\" data-e-type=\"widget\" data-widget_type=\"text-editor.default\">\n\t\t\t\t<div class=\"elementor-widget-container\">\n\t\t\t\t\t\t\t\t\t<p>Hello, my name is Aline. I hold a degree in Advertising and Marketing and an MBA in Marketing and Business Management from FGV.\u00a0<span style=\"color: var( --e-global-color-text ); font-size: 1rem;\">Throughout my professional journey, I worked as a copywriter in prominent agencies in Minas Gerais. I also served as the CEO and Creative Director of a startup that raised R$1,500,000 in investments in 2021. After that, I had the opportunity to work for renowned brands such as Colgate and Coca-Cola. Finally, in 2023, I was drawn to the wonderful world of trade marketing, where I created bottom funnel campaigns for brands like Seara, Yp\u00ea, and Vigor.<\/span><\/p>\t\t\t\t\t\t\t\t<\/div>\n\t\t\t\t<\/div>\n\t\t\t\t<div class=\"elementor-element elementor-element-4f159d2 elementor-widget elementor-widget-heading\" data-id=\"4f159d2\" data-element_type=\"widget\" data-e-type=\"widget\" data-widget_type=\"heading.default\">\n\t\t\t\t<div class=\"elementor-widget-container\">\n\t\t\t\t\t<div class=\"elementor-heading-title elementor-size-default\">Academic education<\/div>\t\t\t\t<\/div>\n\t\t\t\t<\/div>\n\t\t\t\t<div class=\"elementor-element elementor-element-61a5d43 elementor-widget elementor-widget-text-editor\" data-id=\"61a5d43\" data-element_type=\"widget\" data-e-type=\"widget\" data-widget_type=\"text-editor.default\">\n\t\t\t\t<div class=\"elementor-widget-container\">\n\t\t\t\t\t\t\t\t\t<p>Graduated in Social Communication<br \/>FUMEC | 2009<br \/>Focus on Publicity and Advertising.<\/p><p>MBA in Marketing and Business Management<br \/>FGV | 2016<\/p>\t\t\t\t\t\t\t\t<\/div>\n\t\t\t\t<\/div>\n\t\t\t\t<div class=\"elementor-element elementor-element-df8be76 elementor-widget elementor-widget-heading\" data-id=\"df8be76\" data-element_type=\"widget\" data-e-type=\"widget\" data-widget_type=\"heading.default\">\n\t\t\t\t<div class=\"elementor-widget-container\">\n\t\t\t\t\t<div class=\"elementor-heading-title elementor-size-default\">Professional experience <\/div>\t\t\t\t<\/div>\n\t\t\t\t<\/div>\n\t\t\t\t<div class=\"elementor-element elementor-element-b05d81b elementor-widget elementor-widget-text-editor\" data-id=\"b05d81b\" data-element_type=\"widget\" data-e-type=\"widget\" data-widget_type=\"text-editor.default\">\n\t\t\t\t<div class=\"elementor-widget-container\">\n\t\t\t\t\t\t\t\t\t<p><strong>Score Group Brasil<\/strong><br \/><strong>Senior Copywriter<\/strong><\/p><p><span style=\"text-decoration: underline;\">Jan\/2023 to Jun\/2023<\/span><\/p><p>Creation of campaigns, promotions and live marketing activations for clients such as Seara, Yp\u00ea, and Vigor.<\/p><ul><li>Campaigns for trade marketing<\/li><li>Development of texts for promotions and BTL scripts<\/li><li>B2B2C copywriting for incentive campaigns and relationship programs<\/li><li>Communication for trade shows and events<\/li><li>Digital trade and content production for CRM<\/li><\/ul><p>\u00a0<\/p><p><strong>Ogilvy Brasil\u00a0 <\/strong><br \/><strong>Senior Copywriter<\/strong><\/p><p><span style=\"text-decoration: underline;\">Jun\/2022 to Dec\/2022<\/span><\/p><p>Creation of digital commerce, growth, customer experience, and CRM campaigns for Colgate and Coca-Cola.<\/p><ul><li>Email nurturing flows in CRM<\/li><li>UX Writer for websites and landing pages<\/li><li>Content creation for SEO<\/li><li>Advertisements for social media and Google Ads<\/li><li>Content strategy for e-commerce<\/li><\/ul><p>\u00a0<\/p><p><strong>Linha &amp; Pedra Comunica\u00e7\u00e3o Audiovisual<\/strong> <br \/><strong>CEO\/ Creative Director<\/strong><\/p><p><span style=\"text-decoration: underline;\">Mar\/2018 to May\/2022<\/span><\/p><p>Co-founder of Linha&amp;Pedra Comunica\u00e7\u00e3o, an audiovisual production company specialized in digital marketing, invested in 2021 with a total of R$1,500,000 by ALF Investing.<\/p><ul><li>Conception of the brand O Salto, a disruptive educational platform specialized in transforming video lessons into web series with seasons<\/li><li>Creation and online selling of mini-courses for diverse clients, ranging from schools to health and beauty contents<\/li><\/ul><p>\u00a0<\/p><p><strong>Reciclo Comunica\u00e7\u00e3o <\/strong><br \/><strong>Senior copywriter\/ Creative Head<\/strong><\/p><p><span style=\"text-decoration: underline;\">2013\/ 2016\u00a0 \u2013\u00a0 2017\/ 2018 <\/span><\/p><p>Two experiences. The first as a copywriter and scriptwriter. The second as a Creative Head, responsible for winning important public and private bidding processes for clients such as Samarco, BH Airport, Usiminas, and SEJUSP-MG.<\/p><ul><li>Creation of omnichannel communication campaigns<\/li><li>Strategic creation focused on competitions and bidding processes<\/li><li>Leadership of creative teams in project development and execution<\/li><\/ul><p>\u00a0<\/p><p><strong>Creation 3<\/strong><br \/><strong>CEO\/ Creative Director<\/strong><\/p><p><span style=\"text-decoration: underline;\">Mar\/2016 to Dec\/2016<\/span><\/p><p>Co-participation in the founding of an intercontinental advertising agency that operates globally.<\/p><ul><li>Client acquisition and retention<\/li><li>Contacting suppliers, closing contracts, and overseeing projects from start to finish, including post-sales support<\/li><li>Creation and monitoring of endomarketing campaigns for shopping centers<\/li><\/ul><p>\u00a0<\/p><p><strong>New 360\u00a0<\/strong><br \/><strong>Mid-level Copywriter<\/strong><\/p><p>Feb\/2012 a Mar\/2013<\/p><p>Development of creative campaigns for dealerships within the Libertas group, such as Citroen and Nissan; participation in the team that won the advertising account bidding process for FIEMG.<\/p><ul><li>Development of branding projects<\/li><li>Budget optimization for creative TV campaigns<\/li><li>Collaboration in strategic planning for client acquisition<\/li><\/ul><p>\u00a0<\/p><p><strong>L\u00e1pis Raro Comunica\u00e7\u00e3o <\/strong><br \/><strong>Mid-level Copywriter<\/strong><\/p><p><span style=\"text-decoration: underline;\">Mar\/2011 &#8211; Jan\/2012<\/span><\/p><p>Copywriter and scriptwriter for integrated communication campaigns for clients such as Multiplan, Lider Interiores, Unimed-BH, and Drogaria Araujo.<\/p><ul><li>Development of specific campaigns for customer loyalty<\/li><li>Creation of strategic and creative campaigns for small cities and remote \u00e1reas<\/li><li>Development of seasonal promotional campaigns<\/li><li>Writing releases and working in partnership with the press<\/li><\/ul><p>\u00a0<\/p><p><strong>ProBrasil Propaganda\u00a0<\/strong><br \/><strong>Entry-level Copywriter<\/strong><\/p><p><span style=\"text-decoration: underline;\">Feb\/2012 \u2013 Mar\/2013<\/span><\/p><p>Creation of campaigns for major national brands such as Seculus and Mondaine, which resulted in two silver trees at the Abril Awards.<\/p><ul><li>Development of product placement scripts for television programs such as \"Esquadr\u00e3o da Moda\" (SBT) and \"Programa do Faust\u00e3o\" (Rede Globo)<\/li><li>Creation of high-impact campaigns for clients with national presence, such as Ricardo Eletro<\/li><li>Development of support materials for product retailers;<\/li><li>Casting and supervision of actors\/models in advertising campaigns<\/li><\/ul>\t\t\t\t\t\t\t\t<\/div>\n\t\t\t\t<\/div>\n\t\t\t\t<div class=\"elementor-element elementor-element-e7072c5 elementor-widget elementor-widget-heading\" data-id=\"e7072c5\" data-element_type=\"widget\" data-e-type=\"widget\" data-widget_type=\"heading.default\">\n\t\t\t\t<div class=\"elementor-widget-container\">\n\t\t\t\t\t<div class=\"elementor-heading-title elementor-size-default\">Awards<\/div>\t\t\t\t<\/div>\n\t\t\t\t<\/div>\n\t\t\t\t<div class=\"elementor-element elementor-element-f51ba58 elementor-widget elementor-widget-text-editor\" data-id=\"f51ba58\" data-element_type=\"widget\" data-e-type=\"widget\" data-widget_type=\"text-editor.default\">\n\t\t\t\t<div class=\"elementor-widget-container\">\n\t\t\t\t\t\t\t\t\t<p><b>&gt;&gt; Audiovisual producer invested in 2021<\/b><\/p>\n<p>Investment of 1.5 million R$ in an open innovation program granted by ALF Participa\u00e7\u00f5es.<\/p>\n<p><b>&gt;&gt; Ouro &#8211; Pr\u00eamio Abrasce 2017<\/b><\/p>\n<p><span style=\"font-weight: 400;\">The Fantastic Gift Box<\/span><\/p>\n<p><span style=\"font-weight: 400;\">Category Events and Promotions<\/span><\/p>\n<p><b>&gt;&gt; Duas \u00c1rvores de Prata no Pr\u00eamio Abril de Publicidade 2011<\/b><\/p>\n<p><b>Categoria: Revista Regional<\/b><\/p>\n<p><span style=\"font-weight: 400;\">Ad 1: Mother\u2019s Day Mondaine<\/span><\/p>\n<p><span style=\"font-weight: 400;\">Customer: Rel\u00f3gios Mondaine<\/span><\/p>\n<p><span style=\"font-weight: 400;\">Ad 2: Explosions<\/span><\/p>\n<p><span style=\"font-weight: 400;\">Customer: Seculus Rel\u00f3gios<\/span><\/p>\n<p><b>&gt;&gt; Finalista no 2\u00ba Comunica Minas 2010<\/b><\/p>\n<p><span style=\"font-weight: 400;\">Campaign: Experience every moment<\/span><\/p>\n<p><span style=\"font-weight: 400;\">Customer: Mondaine Rel\u00f3gios<\/span><\/p>\n<p><span style=\"font-weight: 400;\">Comerciais TV: Cola e Buldogue<\/span><\/p>\t\t\t\t\t\t\t\t<\/div>\n\t\t\t\t<\/div>\n\t\t\t\t<div class=\"elementor-element elementor-element-d114eff elementor-widget elementor-widget-heading\" data-id=\"d114eff\" data-element_type=\"widget\" data-e-type=\"widget\" data-widget_type=\"heading.default\">\n\t\t\t\t<div class=\"elementor-widget-container\">\n\t\t\t\t\t<div class=\"elementor-heading-title elementor-size-default\">Skills<\/div>\t\t\t\t<\/div>\n\t\t\t\t<\/div>\n\t\t\t\t<section class=\"elementor-section elementor-inner-section elementor-element elementor-element-6d2840d elementor-section-boxed elementor-section-height-default elementor-section-height-default\" data-id=\"6d2840d\" data-element_type=\"section\" data-e-type=\"section\">\n\t\t\t\t\t\t<div class=\"elementor-container elementor-column-gap-default\">\n\t\t\t\t\t<div class=\"elementor-column elementor-col-50 elementor-inner-column elementor-element elementor-element-a85d9f7\" data-id=\"a85d9f7\" data-element_type=\"column\" data-e-type=\"column\">\n\t\t\t<div class=\"elementor-widget-wrap elementor-element-populated\">\n\t\t\t\t\t\t<div class=\"elementor-element elementor-element-46ffe82 elementor-widget elementor-widget-text-editor\" data-id=\"46ffe82\" data-element_type=\"widget\" data-e-type=\"widget\" data-widget_type=\"text-editor.default\">\n\t\t\t\t<div class=\"elementor-widget-container\">\n\t\t\t\t\t\t\t\t\t<p><strong>HARD SKILLS<\/strong><\/p><ul><li>Copywriting<\/li><li>Webwriting<\/li><li>Naming<\/li><li>Branding<\/li><li>Storytelling<\/li><li>Scripting<\/li><li>Trade Marketing<\/li><li>Marketing Inbound<\/li><li>Social media<\/li><\/ul><div>\u00a0<\/div><div><p dir=\"ltr\" style=\"caret-color: #000000; color: #000000;\"><strong>Languages:<\/strong><\/p><ul><li>Fluent English<\/li><li>Brazilian Portuguese - native<\/li><li>German - basic<\/li><\/ul><\/div>\t\t\t\t\t\t\t\t<\/div>\n\t\t\t\t<\/div>\n\t\t\t\t\t<\/div>\n\t\t<\/div>\n\t\t\t\t<div class=\"elementor-column elementor-col-50 elementor-inner-column elementor-element elementor-element-c876c8f\" data-id=\"c876c8f\" data-element_type=\"column\" data-e-type=\"column\">\n\t\t\t<div class=\"elementor-widget-wrap elementor-element-populated\">\n\t\t\t\t\t\t<div class=\"elementor-element elementor-element-5ef92c3 elementor-widget elementor-widget-text-editor\" data-id=\"5ef92c3\" data-element_type=\"widget\" data-e-type=\"widget\" data-widget_type=\"text-editor.default\">\n\t\t\t\t<div class=\"elementor-widget-container\">\n\t\t\t\t\t\t\t\t\t<p><strong>SOFT SKILLS<\/strong><\/p><ul style=\"margin-top: 0px; margin-bottom: 0px; padding-inline-start: 48px;\"><li dir=\"ltr\" style=\"list-style-type: disc; font-size: 12pt; font-family: Arial; color: #000000; background-color: transparent; font-weight: 400; font-style: normal; font-variant-ligatures: normal; font-variant-caps: normal; font-variant-east-asian: normal; font-variant-position: normal; text-decoration: none; vertical-align: baseline; white-space: pre;\" aria-level=\"1\"><p dir=\"ltr\" style=\"line-height: 1.38; margin-top: 0pt; margin-bottom: 0pt;\" role=\"presentation\"><span style=\"font-size: 12pt; font-family: Arial; color: #000000; background-color: transparent; font-weight: 400; font-style: normal; font-variant-ligatures: normal; font-variant-caps: normal; font-variant-east-asian: normal; font-variant-position: normal; text-decoration: none; vertical-align: baseline; white-space: pre-wrap;\">MS o\ufb03ce:<\/span><\/p><\/li><\/ul><p dir=\"ltr\" style=\"line-height: 1.38; margin-left: 36pt; margin-top: 0pt; margin-bottom: 0pt;\"><span style=\"font-size: 12pt; font-family: Arial; color: #000000; background-color: transparent; font-weight: 400; font-style: normal; font-variant-ligatures: normal; font-variant-caps: normal; font-variant-east-asian: normal; font-variant-position: normal; text-decoration: none; vertical-align: baseline; white-space: pre-wrap;\">Microsoft Excel<\/span><\/p><p dir=\"ltr\" style=\"line-height: 1.38; margin-left: 36pt; margin-top: 0pt; margin-bottom: 0pt;\"><span style=\"font-size: 12pt; font-family: Arial; color: #000000; background-color: transparent; font-weight: 400; font-style: normal; font-variant-ligatures: normal; font-variant-caps: normal; font-variant-east-asian: normal; font-variant-position: normal; text-decoration: none; vertical-align: baseline; white-space: pre-wrap;\">Microsoft Word<\/span><\/p><p dir=\"ltr\" style=\"line-height: 1.38; margin-left: 36pt; margin-top: 0pt; margin-bottom: 0pt;\"><span style=\"font-size: 12pt; font-family: Arial; color: #000000; background-color: transparent; font-weight: 400; font-style: normal; font-variant-ligatures: normal; font-variant-caps: normal; font-variant-east-asian: normal; font-variant-position: normal; text-decoration: none; vertical-align: baseline; white-space: pre-wrap;\">Microsoft Outlook<\/span><\/p><p dir=\"ltr\" style=\"line-height: 1.38; margin-left: 36pt; margin-top: 0pt; margin-bottom: 0pt;\"><span style=\"font-size: 12pt; font-family: Arial; color: #000000; background-color: transparent; font-weight: 400; font-style: normal; font-variant-ligatures: normal; font-variant-caps: normal; font-variant-east-asian: normal; font-variant-position: normal; text-decoration: none; vertical-align: baseline; white-space: pre-wrap;\">Microsoft Power Point<\/span><\/p><ul style=\"margin-top: 0px; margin-bottom: 0px; padding-inline-start: 48px;\"><li dir=\"ltr\" style=\"list-style-type: disc; font-size: 12pt; font-family: Arial; color: #000000; background-color: transparent; font-weight: 400; font-style: normal; font-variant-ligatures: normal; font-variant-caps: normal; font-variant-east-asian: normal; font-variant-position: normal; text-decoration: none; vertical-align: baseline; white-space: pre;\" aria-level=\"1\"><p dir=\"ltr\" style=\"line-height: 1.38; margin-top: 0pt; margin-bottom: 0pt;\" role=\"presentation\"><span style=\"font-size: 12pt; font-family: Arial; color: #000000; background-color: transparent; font-weight: 400; font-style: normal; font-variant-ligatures: normal; font-variant-caps: normal; font-variant-east-asian: normal; font-variant-position: normal; text-decoration: none; vertical-align: baseline; white-space: pre-wrap;\">Adobe Creative Package<\/span><\/p><\/li><\/ul><p dir=\"ltr\" style=\"line-height: 1.38; margin-left: 36pt; margin-top: 0pt; margin-bottom: 0pt;\"><span style=\"font-size: 12pt; font-family: Arial; color: #000000; background-color: transparent; font-weight: 400; font-style: normal; font-variant-ligatures: normal; font-variant-caps: normal; font-variant-east-asian: normal; font-variant-position: normal; text-decoration: none; vertical-align: baseline; white-space: pre-wrap;\">Photoshop<\/span><\/p><p dir=\"ltr\" style=\"line-height: 1.38; margin-left: 36pt; margin-top: 0pt; margin-bottom: 0pt;\"><span style=\"font-size: 12pt; font-family: Arial; color: #000000; background-color: transparent; font-weight: 400; font-style: normal; font-variant-ligatures: normal; font-variant-caps: normal; font-variant-east-asian: normal; font-variant-position: normal; text-decoration: none; vertical-align: baseline; white-space: pre-wrap;\">Illustrator<\/span><\/p><p dir=\"ltr\" style=\"line-height: 1.38; margin-left: 36pt; margin-top: 0pt; margin-bottom: 0pt;\"><span style=\"font-size: 12pt; font-family: Arial; color: #000000; background-color: transparent; font-weight: 400; font-style: normal; font-variant-ligatures: normal; font-variant-caps: normal; font-variant-east-asian: normal; font-variant-position: normal; text-decoration: none; vertical-align: baseline; white-space: pre-wrap;\">Indesign<\/span><\/p><p dir=\"ltr\" style=\"line-height: 1.38; margin-left: 36pt; margin-top: 0pt; margin-bottom: 0pt;\"><span style=\"font-size: 12pt; font-family: Arial; color: #000000; background-color: transparent; font-weight: 400; font-style: normal; font-variant-ligatures: normal; font-variant-caps: normal; font-variant-east-asian: normal; font-variant-position: normal; text-decoration: none; vertical-align: baseline; white-space: pre-wrap;\">Premiere<\/span><\/p><p dir=\"ltr\" style=\"line-height: 1.38; margin-left: 36pt; margin-top: 0pt; margin-bottom: 0pt;\"><span style=\"font-size: 12pt; font-family: Arial; color: #000000; background-color: transparent; font-weight: 400; font-style: normal; font-variant-ligatures: normal; font-variant-caps: normal; font-variant-east-asian: normal; font-variant-position: normal; text-decoration: none; vertical-align: baseline; white-space: pre-wrap;\">Acrobat Pro<\/span><\/p>\t\t\t\t\t\t\t\t<\/div>\n\t\t\t\t<\/div>\n\t\t\t\t\t<\/div>\n\t\t<\/div>\n\t\t\t\t\t<\/div>\n\t\t<\/section>\n\t\t\t\t\t<\/div>\n\t\t<\/div>\n\t\t\t\t\t<\/div>\n\t\t<\/section>\n\t\t\t\t<\/div>","protected":false},"excerpt":{"rendered":"<p>Sobre mim Ol\u00e1, meu nome \u00e9 Aline, sou formada em Publicidade e Propaganda e possuo MBA em Marketing e Gest\u00e3o de neg\u00f3cios pela FGV.\u00a0Ao longo da minha vida profissional, atuei como copywriter nas principais ag\u00eancias de Belo Horizonte. Fui CEO e diretora de cria\u00e7\u00e3o de uma startup que arrecadou R$1.500.000 em investimentos em 2021; trabalhei [&hellip;]<\/p>\n","protected":false},"author":2,"featured_media":0,"parent":0,"menu_order":0,"comment_status":"closed","ping_status":"closed","template":"","meta":{"footnotes":""},"class_list":["post-22","page","type-page","status-publish","hentry"],"yoast_head":"<!-- This site is optimized with the Yoast SEO plugin v27.3 - https:\/\/yoast.com\/product\/yoast-seo-wordpress\/ -->\n<title>Curr\u00edculo - Aline Layoun<\/title>\n<meta name=\"robots\" content=\"index, follow, max-snippet:-1, max-image-preview:large, max-video-preview:-1\" \/>\n<link rel=\"canonical\" href=\"https:\/\/alinelayoun.com.br\/en\/curriculo\/\" \/>\n<meta property=\"og:locale\" content=\"en_US\" \/>\n<meta property=\"og:type\" content=\"article\" \/>\n<meta property=\"og:title\" content=\"Curr\u00edculo - Aline Layoun\" \/>\n<meta property=\"og:description\" content=\"Sobre mim Ol\u00e1, meu nome \u00e9 Aline, sou formada em Publicidade e Propaganda e possuo MBA em Marketing e Gest\u00e3o de neg\u00f3cios pela FGV.\u00a0Ao longo da minha vida profissional, atuei como copywriter nas principais ag\u00eancias de Belo Horizonte. Fui CEO e diretora de cria\u00e7\u00e3o de uma startup que arrecadou R$1.500.000 em investimentos em 2021; trabalhei [&hellip;]\" \/>\n<meta property=\"og:url\" content=\"https:\/\/alinelayoun.com.br\/en\/curriculo\/\" \/>\n<meta property=\"og:site_name\" content=\"Aline Layoun\" \/>\n<meta property=\"article:modified_time\" content=\"2023-07-10T01:36:38+00:00\" \/>\n<meta name=\"twitter:card\" content=\"summary_large_image\" \/>\n<meta name=\"twitter:label1\" content=\"Est. reading time\" \/>\n\t<meta name=\"twitter:data1\" content=\"5 minutes\" \/>\n<script type=\"application\/ld+json\" class=\"yoast-schema-graph\">{\"@context\":\"https:\\\/\\\/schema.org\",\"@graph\":[{\"@type\":\"WebPage\",\"@id\":\"https:\\\/\\\/alinelayoun.com.br\\\/curriculo\",\"url\":\"https:\\\/\\\/alinelayoun.com.br\\\/curriculo\",\"name\":\"Curr\u00edculo - Aline Layoun\",\"isPartOf\":{\"@id\":\"https:\\\/\\\/darkseagreen-stingray-900152.hostingersite.com\\\/#website\"},\"datePublished\":\"2022-04-21T03:42:43+00:00\",\"dateModified\":\"2023-07-10T01:36:38+00:00\",\"inLanguage\":\"en-US\",\"potentialAction\":[{\"@type\":\"ReadAction\",\"target\":[\"https:\\\/\\\/alinelayoun.com.br\\\/curriculo\"]}]},{\"@type\":\"WebSite\",\"@id\":\"https:\\\/\\\/darkseagreen-stingray-900152.hostingersite.com\\\/#website\",\"url\":\"https:\\\/\\\/darkseagreen-stingray-900152.hostingersite.com\\\/\",\"name\":\"Aline Layoun\",\"description\":\"Copywriter\",\"potentialAction\":[{\"@type\":\"SearchAction\",\"target\":{\"@type\":\"EntryPoint\",\"urlTemplate\":\"https:\\\/\\\/darkseagreen-stingray-900152.hostingersite.com\\\/?s={search_term_string}\"},\"query-input\":{\"@type\":\"PropertyValueSpecification\",\"valueRequired\":true,\"valueName\":\"search_term_string\"}}],\"inLanguage\":\"en-US\"}]}<\/script>\n<!-- \/ Yoast SEO plugin. -->","yoast_head_json":{"title":"Curr\u00edculo - Aline Layoun","robots":{"index":"index","follow":"follow","max-snippet":"max-snippet:-1","max-image-preview":"max-image-preview:large","max-video-preview":"max-video-preview:-1"},"canonical":"https:\/\/alinelayoun.com.br\/en\/curriculo\/","og_locale":"en_US","og_type":"article","og_title":"Curr\u00edculo - Aline Layoun","og_description":"Sobre mim Ol\u00e1, meu nome \u00e9 Aline, sou formada em Publicidade e Propaganda e possuo MBA em Marketing e Gest\u00e3o de neg\u00f3cios pela FGV.\u00a0Ao longo da minha vida profissional, atuei como copywriter nas principais ag\u00eancias de Belo Horizonte. Fui CEO e diretora de cria\u00e7\u00e3o de uma startup que arrecadou R$1.500.000 em investimentos em 2021; trabalhei [&hellip;]","og_url":"https:\/\/alinelayoun.com.br\/en\/curriculo\/","og_site_name":"Aline Layoun","article_modified_time":"2023-07-10T01:36:38+00:00","twitter_card":"summary_large_image","twitter_misc":{"Est. reading time":"5 minutes"},"schema":{"@context":"https:\/\/schema.org","@graph":[{"@type":"WebPage","@id":"https:\/\/alinelayoun.com.br\/curriculo","url":"https:\/\/alinelayoun.com.br\/curriculo","name":"Curr\u00edculo - Aline Layoun","isPartOf":{"@id":"https:\/\/darkseagreen-stingray-900152.hostingersite.com\/#website"},"datePublished":"2022-04-21T03:42:43+00:00","dateModified":"2023-07-10T01:36:38+00:00","inLanguage":"en-US","potentialAction":[{"@type":"ReadAction","target":["https:\/\/alinelayoun.com.br\/curriculo"]}]},{"@type":"WebSite","@id":"https:\/\/darkseagreen-stingray-900152.hostingersite.com\/#website","url":"https:\/\/darkseagreen-stingray-900152.hostingersite.com\/","name":"Aline Layoun","description":"Copywriter","potentialAction":[{"@type":"SearchAction","target":{"@type":"EntryPoint","urlTemplate":"https:\/\/darkseagreen-stingray-900152.hostingersite.com\/?s={search_term_string}"},"query-input":{"@type":"PropertyValueSpecification","valueRequired":true,"valueName":"search_term_string"}}],"inLanguage":"en-US"}]}},"_links":{"self":[{"href":"https:\/\/alinelayoun.com.br\/en\/wp-json\/wp\/v2\/pages\/22","targetHints":{"allow":["GET"]}}],"collection":[{"href":"https:\/\/alinelayoun.com.br\/en\/wp-json\/wp\/v2\/pages"}],"about":[{"href":"https:\/\/alinelayoun.com.br\/en\/wp-json\/wp\/v2\/types\/page"}],"author":[{"embeddable":true,"href":"https:\/\/alinelayoun.com.br\/en\/wp-json\/wp\/v2\/users\/2"}],"replies":[{"embeddable":true,"href":"https:\/\/alinelayoun.com.br\/en\/wp-json\/wp\/v2\/comments?post=22"}],"version-history":[{"count":103,"href":"https:\/\/alinelayoun.com.br\/en\/wp-json\/wp\/v2\/pages\/22\/revisions"}],"predecessor-version":[{"id":1383,"href":"https:\/\/alinelayoun.com.br\/en\/wp-json\/wp\/v2\/pages\/22\/revisions\/1383"}],"wp:attachment":[{"href":"https:\/\/alinelayoun.com.br\/en\/wp-json\/wp\/v2\/media?parent=22"}],"curies":[{"name":"wp","href":"https:\/\/api.w.org\/{rel}","templated":true}]}}