{"id":18,"date":"2022-04-21T03:42:24","date_gmt":"2022-04-21T03:42:24","guid":{"rendered":"http:\/\/alinelayoun.com.br\/?page_id=18"},"modified":"2022-04-23T20:16:22","modified_gmt":"2022-04-23T20:16:22","slug":"testemunhos","status":"publish","type":"page","link":"https:\/\/alinelayoun.com.br\/en\/testemunhos","title":{"rendered":"Yes, they're talking!"},"content":{"rendered":"<div data-elementor-type=\"wp-page\" data-elementor-id=\"18\" class=\"elementor elementor-18\" data-elementor-post-type=\"page\">\n\t\t\t\t\t\t<section class=\"elementor-section elementor-top-section elementor-element elementor-element-8e7901c elementor-section-boxed elementor-section-height-default elementor-section-height-default\" data-id=\"8e7901c\" data-element_type=\"section\" data-e-type=\"section\">\n\t\t\t\t\t\t<div class=\"elementor-container elementor-column-gap-default\">\n\t\t\t\t\t<div class=\"elementor-column elementor-col-100 elementor-top-column elementor-element elementor-element-96ec8f0\" data-id=\"96ec8f0\" data-element_type=\"column\" data-e-type=\"column\">\n\t\t\t<div class=\"elementor-widget-wrap elementor-element-populated\">\n\t\t\t\t\t\t<div class=\"elementor-element elementor-element-510c695 elementor-testimonial--align-left testemunhos elementor-testimonial--skin-default elementor-testimonial--layout-image_inline elementor-arrows-yes elementor-pagination-type-bullets elementor-widget elementor-widget-testimonial-carousel\" data-id=\"510c695\" data-element_type=\"widget\" data-e-type=\"widget\" data-settings=\"{&quot;slides_per_view&quot;:&quot;3&quot;,&quot;slides_to_scroll&quot;:&quot;3&quot;,&quot;show_arrows&quot;:&quot;yes&quot;,&quot;pagination&quot;:&quot;bullets&quot;,&quot;speed&quot;:500,&quot;autoplay&quot;:&quot;yes&quot;,&quot;autoplay_speed&quot;:5000,&quot;loop&quot;:&quot;yes&quot;,&quot;pause_on_hover&quot;:&quot;yes&quot;,&quot;pause_on_interaction&quot;:&quot;yes&quot;,&quot;space_between&quot;:{&quot;unit&quot;:&quot;px&quot;,&quot;size&quot;:10,&quot;sizes&quot;:[]},&quot;space_between_tablet&quot;:{&quot;unit&quot;:&quot;px&quot;,&quot;size&quot;:10,&quot;sizes&quot;:[]},&quot;space_between_mobile&quot;:{&quot;unit&quot;:&quot;px&quot;,&quot;size&quot;:10,&quot;sizes&quot;:[]}}\" data-widget_type=\"testimonial-carousel.default\">\n\t\t\t\t<div class=\"elementor-widget-container\">\n\t\t\t\t\t\t\t<div class=\"elementor-swiper\">\n\t\t\t<div class=\"elementor-main-swiper swiper-container\">\n\t\t\t\t<div class=\"swiper-wrapper\">\n\t\t\t\t\t\t\t\t\t\t\t<div class=\"swiper-slide\">\n\t\t\t\t\t\t\t\t\t<div class=\"elementor-testimonial\">\n\t\t\t\t\t\t\t<div class=\"elementor-testimonial__content\">\n\t\t\t\t\t<div class=\"elementor-testimonial__text\">\n\t\t\t\t\t\tI had the opportunity to lead an innovation-open project where we made substantial investment in Linha e Pedra. On the occasion, Aline led the pitch with propriety and absolute subject domain. We immediately identified that we had to enter with investment. Aline during the project execution always had shown leading techniques and creativity to develop complex projects with scarce resources, but with always surprising results. Conduct multidisciplinary teams of creation and is able to conduct a project from the scripting to direction and editing. Also, she has deep knowledge about the market where she is inserted, can understand the product performance in the market and do quick adjustments in the marketing campaigns and media to gain speed in the fundraising. Finally, she is focused on results beyond the financial, which certainly makes her an excellent entrepreneur with execution capacity in elevated levels.\n\t\t\t\t\t<\/div>\n\t\t\t\t\t\t\t\t\t<\/div>\n\t\t\t\t\t\t<div class=\"elementor-testimonial__footer\">\n\t\t\t\t\t\t\t\t\t<div class=\"elementor-testimonial__image\">\n\t\t\t\t\t\t<img decoding=\"async\" src=\"https:\/\/alinelayoun.com.br\/wp-content\/uploads\/2022\/04\/fabiano-almeida.jpeg\" alt=\"Fabiano Almeida\">\n\t\t\t\t\t\t\t\t\t\t\t<\/div>\n\t\t\t\t\t\t\t\t<cite class=\"elementor-testimonial__cite\"><span class=\"elementor-testimonial__name\">Fabiano Almeida<\/span><span class=\"elementor-testimonial__title\">CEO\/ Membro do conselho da Jurify<\/span><\/cite>\t\t\t<\/div>\n\t\t<\/div>\n\t\t\t\t\t\t\t\t<\/div>\n\t\t\t\t\t\t\t\t\t\t\t<div class=\"swiper-slide\">\n\t\t\t\t\t\t\t\t\t<div class=\"elementor-testimonial\">\n\t\t\t\t\t\t\t<div class=\"elementor-testimonial__content\">\n\t\t\t\t\t<div class=\"elementor-testimonial__text\">\n\t\t\t\t\t\tHad the privilege of working with Aline, under my direct direction, Aline is an incredible,\nresponsible and committed professional, has an unbelievable zeal for the work she delivers\nand a multiple vision about communication. Besides being extremely creative, is helpful, has\nthe ability to perform multiple functions and manage projects with a lot of ability, always\nattentive to results and deadlines.\t\t\t\t\t<\/div>\n\t\t\t\t\t\t\t\t\t<\/div>\n\t\t\t\t\t\t<div class=\"elementor-testimonial__footer\">\n\t\t\t\t\t\t\t\t\t<div class=\"elementor-testimonial__image\">\n\t\t\t\t\t\t<img decoding=\"async\" src=\"https:\/\/alinelayoun.com.br\/wp-content\/uploads\/2022\/04\/marcone.jpeg\" alt=\"Marcone Proc\u00f3pio\">\n\t\t\t\t\t\t\t\t\t\t\t<\/div>\n\t\t\t\t\t\t\t\t<cite class=\"elementor-testimonial__cite\"><span class=\"elementor-testimonial__name\">Marcone Proc\u00f3pio<\/span><span class=\"elementor-testimonial__title\">Founding partner and director of Reciclo Comunica\u00e7\u00e3o<\/span><\/cite>\t\t\t<\/div>\n\t\t<\/div>\n\t\t\t\t\t\t\t\t<\/div>\n\t\t\t\t\t\t\t\t\t\t\t<div class=\"swiper-slide\">\n\t\t\t\t\t\t\t\t\t<div class=\"elementor-testimonial\">\n\t\t\t\t\t\t\t<div class=\"elementor-testimonial__content\">\n\t\t\t\t\t<div class=\"elementor-testimonial__text\">\n\t\t\t\t\t\tIt\u2019s hard for me to write a text praising Aline' s work. First of all, because I\u2019m not that great at\nwriting and she is a fucking writer. An internal pressure. Second, because I don\u2019t think it\u2019s fair to praise just her work. Aline is nice as hell. I don\u2019t want to look so mushy, but I value very much people that works (very much) well and still keep the good vibes. Phew, I think a few words came out. It's fucked up for a A.D to be limited only by words. But I think that was enough, right? Aline is fucking amazing : )\n\t\t\t\t\t<\/div>\n\t\t\t\t\t\t\t\t\t<\/div>\n\t\t\t\t\t\t<div class=\"elementor-testimonial__footer\">\n\t\t\t\t\t\t\t\t\t<div class=\"elementor-testimonial__image\">\n\t\t\t\t\t\t<img decoding=\"async\" src=\"https:\/\/alinelayoun.com.br\/wp-content\/uploads\/2022\/04\/WhatsApp-Image-2022-04-23-at-17.13.08.jpeg\" alt=\"Francis Alan\">\n\t\t\t\t\t\t\t\t\t\t\t<\/div>\n\t\t\t\t\t\t\t\t<cite class=\"elementor-testimonial__cite\"><span class=\"elementor-testimonial__name\">Francis Alan<\/span><span class=\"elementor-testimonial__title\">Art Director, AlmapBBDO<\/span><\/cite>\t\t\t<\/div>\n\t\t<\/div>\n\t\t\t\t\t\t\t\t<\/div>\n\t\t\t\t\t\t\t\t\t\t\t<div class=\"swiper-slide\">\n\t\t\t\t\t\t\t\t\t<div class=\"elementor-testimonial\">\n\t\t\t\t\t\t\t<div class=\"elementor-testimonial__content\">\n\t\t\t\t\t<div class=\"elementor-testimonial__text\">\n\t\t\t\t\t\tWe worked together with customers of the shopping centers segment. Aline is a very creative and talented professional for campaigns with different contact points with the consumer (online and offline). Knows very well how to write the story and has the sensibility and agility to execute it. I\u2019m sure, campaigns that have her writing direction are such a success!\n\t\t\t\t\t<\/div>\n\t\t\t\t\t\t\t\t\t<\/div>\n\t\t\t\t\t\t<div class=\"elementor-testimonial__footer\">\n\t\t\t\t\t\t\t\t\t<div class=\"elementor-testimonial__image\">\n\t\t\t\t\t\t<img decoding=\"async\" src=\"https:\/\/alinelayoun.com.br\/wp-content\/uploads\/2022\/04\/ana-carolina.jpg\" alt=\"Ana Sarago\u00e7a\">\n\t\t\t\t\t\t\t\t\t\t\t<\/div>\n\t\t\t\t\t\t\t\t<cite class=\"elementor-testimonial__cite\"><span class=\"elementor-testimonial__name\">Ana Sarago\u00e7a<\/span><span class=\"elementor-testimonial__title\">Creation 3 co-founder<\/span><\/cite>\t\t\t<\/div>\n\t\t<\/div>\n\t\t\t\t\t\t\t\t<\/div>\n\t\t\t\t\t\t\t\t\t\t\t<div class=\"swiper-slide\">\n\t\t\t\t\t\t\t\t\t<div class=\"elementor-testimonial\">\n\t\t\t\t\t\t\t<div class=\"elementor-testimonial__content\">\n\t\t\t\t\t<div class=\"elementor-testimonial__text\">\n\t\t\t\t\t\tAline is an extremely competent professional, creative, involved and attentive to details. During the whole period that she was at Reciclo as a writer, was ever disposed to contribute, search and bring new ideas. A person who makes a difference in any company.\t\t\t\t\t<\/div>\n\t\t\t\t\t\t\t\t\t<\/div>\n\t\t\t\t\t\t<div class=\"elementor-testimonial__footer\">\n\t\t\t\t\t\t\t\t\t<div class=\"elementor-testimonial__image\">\n\t\t\t\t\t\t<img decoding=\"async\" src=\"https:\/\/alinelayoun.com.br\/wp-content\/uploads\/2022\/04\/angela.jpeg\" alt=\"\u00c2ngela Buratto\">\n\t\t\t\t\t\t\t\t\t\t\t<\/div>\n\t\t\t\t\t\t\t\t<cite class=\"elementor-testimonial__cite\"><span class=\"elementor-testimonial__name\">\u00c2ngela Buratto<\/span><span class=\"elementor-testimonial__title\">Proprietary, Reciclo Comunica\u00e7\u00e3o<\/span><\/cite>\t\t\t<\/div>\n\t\t<\/div>\n\t\t\t\t\t\t\t\t<\/div>\n\t\t\t\t\t\t\t\t\t<\/div>\n\t\t\t\t\t\t\t\t\t\t\t\t\t\t\t<div class=\"swiper-pagination\"><\/div>\n\t\t\t\t\t\t\t\t\t\t\t\t\t\t\t\t<div class=\"elementor-swiper-button elementor-swiper-button-prev\" role=\"button\" tabindex=\"0\">\n\t\t\t\t\t\t\t<i aria-hidden=\"true\" class=\"eicon-chevron-left\"><\/i>\t\t\t\t\t\t\t<span class=\"elementor-screen-only\">Previous<\/span>\n\t\t\t\t\t\t<\/div>\n\t\t\t\t\t\t<div class=\"elementor-swiper-button elementor-swiper-button-next\" role=\"button\" tabindex=\"0\">\n\t\t\t\t\t\t\t<i aria-hidden=\"true\" class=\"eicon-chevron-right\"><\/i>\t\t\t\t\t\t\t<span class=\"elementor-screen-only\">Next<\/span>\n\t\t\t\t\t\t<\/div>\n\t\t\t\t\t\t\t\t\t\t\t\t<\/div>\n\t\t<\/div>\n\t\t\t\t\t\t<\/div>\n\t\t\t\t<\/div>\n\t\t\t\t\t<\/div>\n\t\t<\/div>\n\t\t\t\t\t<\/div>\n\t\t<\/section>\n\t\t\t\t<\/div>","protected":false},"excerpt":{"rendered":"<p>Tive a oportunidade de liderar um projeto de inova\u00e7\u00e3o aberta onde fizemos substancial investimento na Linha e Pedra. Aline na ocasi\u00e3o liderou o pitch com propriedade e absoluto dom\u00ednio da mat\u00e9ria. Imediatamente identificamos que t\u00ednhamos que entrar com o investimento. Aline no desenrolar do projeto sempre mostrou lideran\u00e7a e criatividade para desenvolver projetos complexos com [&hellip;]<\/p>\n","protected":false},"author":2,"featured_media":0,"parent":0,"menu_order":0,"comment_status":"closed","ping_status":"closed","template":"","meta":{"footnotes":""},"class_list":["post-18","page","type-page","status-publish","hentry"],"yoast_head":"<!-- This site is optimized with the Yoast SEO plugin v27.3 - https:\/\/yoast.com\/product\/yoast-seo-wordpress\/ -->\n<title>Testemunhos - Aline Layoun<\/title>\n<meta name=\"robots\" content=\"index, follow, max-snippet:-1, max-image-preview:large, max-video-preview:-1\" \/>\n<link rel=\"canonical\" href=\"https:\/\/alinelayoun.com.br\/en\/testemunhos\/\" \/>\n<meta property=\"og:locale\" content=\"en_US\" \/>\n<meta property=\"og:type\" content=\"article\" \/>\n<meta property=\"og:title\" content=\"Testemunhos - Aline Layoun\" \/>\n<meta property=\"og:description\" content=\"Tive a oportunidade de liderar um projeto de inova\u00e7\u00e3o aberta onde fizemos substancial investimento na Linha e Pedra. Aline na ocasi\u00e3o liderou o pitch com propriedade e absoluto dom\u00ednio da mat\u00e9ria. Imediatamente identificamos que t\u00ednhamos que entrar com o investimento. Aline no desenrolar do projeto sempre mostrou lideran\u00e7a e criatividade para desenvolver projetos complexos com [&hellip;]\" \/>\n<meta property=\"og:url\" content=\"https:\/\/alinelayoun.com.br\/en\/testemunhos\/\" \/>\n<meta property=\"og:site_name\" content=\"Aline Layoun\" \/>\n<meta property=\"article:modified_time\" content=\"2022-04-23T20:16:22+00:00\" \/>\n<meta property=\"og:image\" content=\"https:\/\/alinelayoun.com.br\/wp-content\/uploads\/2022\/04\/fabiano-almeida.jpeg\" \/>\n<meta name=\"twitter:card\" content=\"summary_large_image\" \/>\n<meta name=\"twitter:label1\" content=\"Est. reading time\" \/>\n\t<meta name=\"twitter:data1\" content=\"2 minutes\" \/>\n<script type=\"application\/ld+json\" class=\"yoast-schema-graph\">{\"@context\":\"https:\\\/\\\/schema.org\",\"@graph\":[{\"@type\":\"WebPage\",\"@id\":\"https:\\\/\\\/alinelayoun.com.br\\\/testemunhos\",\"url\":\"https:\\\/\\\/alinelayoun.com.br\\\/testemunhos\",\"name\":\"Testemunhos - Aline Layoun\",\"isPartOf\":{\"@id\":\"https:\\\/\\\/darkseagreen-stingray-900152.hostingersite.com\\\/#website\"},\"primaryImageOfPage\":{\"@id\":\"https:\\\/\\\/alinelayoun.com.br\\\/testemunhos#primaryimage\"},\"image\":{\"@id\":\"https:\\\/\\\/alinelayoun.com.br\\\/testemunhos#primaryimage\"},\"thumbnailUrl\":\"https:\\\/\\\/alinelayoun.com.br\\\/wp-content\\\/uploads\\\/2022\\\/04\\\/fabiano-almeida.jpeg\",\"datePublished\":\"2022-04-21T03:42:24+00:00\",\"dateModified\":\"2022-04-23T20:16:22+00:00\",\"inLanguage\":\"en-US\",\"potentialAction\":[{\"@type\":\"ReadAction\",\"target\":[\"https:\\\/\\\/alinelayoun.com.br\\\/testemunhos\"]}]},{\"@type\":\"ImageObject\",\"inLanguage\":\"en-US\",\"@id\":\"https:\\\/\\\/alinelayoun.com.br\\\/testemunhos#primaryimage\",\"url\":\"https:\\\/\\\/alinelayoun.com.br\\\/wp-content\\\/uploads\\\/2022\\\/04\\\/fabiano-almeida.jpeg\",\"contentUrl\":\"https:\\\/\\\/alinelayoun.com.br\\\/wp-content\\\/uploads\\\/2022\\\/04\\\/fabiano-almeida.jpeg\"},{\"@type\":\"WebSite\",\"@id\":\"https:\\\/\\\/darkseagreen-stingray-900152.hostingersite.com\\\/#website\",\"url\":\"https:\\\/\\\/darkseagreen-stingray-900152.hostingersite.com\\\/\",\"name\":\"Aline Layoun\",\"description\":\"Copywriter\",\"potentialAction\":[{\"@type\":\"SearchAction\",\"target\":{\"@type\":\"EntryPoint\",\"urlTemplate\":\"https:\\\/\\\/darkseagreen-stingray-900152.hostingersite.com\\\/?s={search_term_string}\"},\"query-input\":{\"@type\":\"PropertyValueSpecification\",\"valueRequired\":true,\"valueName\":\"search_term_string\"}}],\"inLanguage\":\"en-US\"}]}<\/script>\n<!-- \/ Yoast SEO plugin. -->","yoast_head_json":{"title":"Testemunhos - Aline Layoun","robots":{"index":"index","follow":"follow","max-snippet":"max-snippet:-1","max-image-preview":"max-image-preview:large","max-video-preview":"max-video-preview:-1"},"canonical":"https:\/\/alinelayoun.com.br\/en\/testemunhos\/","og_locale":"en_US","og_type":"article","og_title":"Testemunhos - Aline Layoun","og_description":"Tive a oportunidade de liderar um projeto de inova\u00e7\u00e3o aberta onde fizemos substancial investimento na Linha e Pedra. Aline na ocasi\u00e3o liderou o pitch com propriedade e absoluto dom\u00ednio da mat\u00e9ria. Imediatamente identificamos que t\u00ednhamos que entrar com o investimento. Aline no desenrolar do projeto sempre mostrou lideran\u00e7a e criatividade para desenvolver projetos complexos com [&hellip;]","og_url":"https:\/\/alinelayoun.com.br\/en\/testemunhos\/","og_site_name":"Aline Layoun","article_modified_time":"2022-04-23T20:16:22+00:00","og_image":[{"url":"https:\/\/alinelayoun.com.br\/wp-content\/uploads\/2022\/04\/fabiano-almeida.jpeg","type":"","width":"","height":""}],"twitter_card":"summary_large_image","twitter_misc":{"Est. reading time":"2 minutes"},"schema":{"@context":"https:\/\/schema.org","@graph":[{"@type":"WebPage","@id":"https:\/\/alinelayoun.com.br\/testemunhos","url":"https:\/\/alinelayoun.com.br\/testemunhos","name":"Testemunhos - Aline Layoun","isPartOf":{"@id":"https:\/\/darkseagreen-stingray-900152.hostingersite.com\/#website"},"primaryImageOfPage":{"@id":"https:\/\/alinelayoun.com.br\/testemunhos#primaryimage"},"image":{"@id":"https:\/\/alinelayoun.com.br\/testemunhos#primaryimage"},"thumbnailUrl":"https:\/\/alinelayoun.com.br\/wp-content\/uploads\/2022\/04\/fabiano-almeida.jpeg","datePublished":"2022-04-21T03:42:24+00:00","dateModified":"2022-04-23T20:16:22+00:00","inLanguage":"en-US","potentialAction":[{"@type":"ReadAction","target":["https:\/\/alinelayoun.com.br\/testemunhos"]}]},{"@type":"ImageObject","inLanguage":"en-US","@id":"https:\/\/alinelayoun.com.br\/testemunhos#primaryimage","url":"https:\/\/alinelayoun.com.br\/wp-content\/uploads\/2022\/04\/fabiano-almeida.jpeg","contentUrl":"https:\/\/alinelayoun.com.br\/wp-content\/uploads\/2022\/04\/fabiano-almeida.jpeg"},{"@type":"WebSite","@id":"https:\/\/darkseagreen-stingray-900152.hostingersite.com\/#website","url":"https:\/\/darkseagreen-stingray-900152.hostingersite.com\/","name":"Aline Layoun","description":"Copywriter","potentialAction":[{"@type":"SearchAction","target":{"@type":"EntryPoint","urlTemplate":"https:\/\/darkseagreen-stingray-900152.hostingersite.com\/?s={search_term_string}"},"query-input":{"@type":"PropertyValueSpecification","valueRequired":true,"valueName":"search_term_string"}}],"inLanguage":"en-US"}]}},"_links":{"self":[{"href":"https:\/\/alinelayoun.com.br\/en\/wp-json\/wp\/v2\/pages\/18","targetHints":{"allow":["GET"]}}],"collection":[{"href":"https:\/\/alinelayoun.com.br\/en\/wp-json\/wp\/v2\/pages"}],"about":[{"href":"https:\/\/alinelayoun.com.br\/en\/wp-json\/wp\/v2\/types\/page"}],"author":[{"embeddable":true,"href":"https:\/\/alinelayoun.com.br\/en\/wp-json\/wp\/v2\/users\/2"}],"replies":[{"embeddable":true,"href":"https:\/\/alinelayoun.com.br\/en\/wp-json\/wp\/v2\/comments?post=18"}],"version-history":[{"count":37,"href":"https:\/\/alinelayoun.com.br\/en\/wp-json\/wp\/v2\/pages\/18\/revisions"}],"predecessor-version":[{"id":356,"href":"https:\/\/alinelayoun.com.br\/en\/wp-json\/wp\/v2\/pages\/18\/revisions\/356"}],"wp:attachment":[{"href":"https:\/\/alinelayoun.com.br\/en\/wp-json\/wp\/v2\/media?parent=18"}],"curies":[{"name":"wp","href":"https:\/\/api.w.org\/{rel}","templated":true}]}}